{"id":411,"date":"2021-07-07T19:36:39","date_gmt":"2021-07-07T17:36:39","guid":{"rendered":"https:\/\/tiresiaspeluqueria.com\/?page_id=411"},"modified":"2021-11-06T20:06:09","modified_gmt":"2021-11-06T18:06:09","slug":"area-masculina","status":"publish","type":"page","link":"https:\/\/tiresiaspeluqueria.com\/index.php\/area-masculina\/","title":{"rendered":"\u00c1rea masculina"},"content":{"rendered":"\t\t<div data-elementor-type=\"wp-page\" data-elementor-id=\"411\" class=\"elementor elementor-411\" data-elementor-settings=\"[]\">\n\t\t\t\t\t\t<div class=\"elementor-inner\">\n\t\t\t\t\t\t\t<div class=\"elementor-section-wrap\">\n\t\t\t\t\t\t\t<section class=\"elementor-section elementor-top-section elementor-element elementor-element-cb32518 elementor-section-boxed elementor-section-height-default elementor-section-height-default\" data-id=\"cb32518\" data-element_type=\"section\">\n\t\t\t\t\t\t<div class=\"elementor-container elementor-column-gap-default\">\n\t\t\t\t\t\t\t<div class=\"elementor-row\">\n\t\t\t\t\t<div class=\"elementor-column elementor-col-100 elementor-top-column elementor-element elementor-element-01105f9\" data-id=\"01105f9\" data-element_type=\"column\">\n\t\t\t<div class=\"elementor-column-wrap elementor-element-populated\">\n\t\t\t\t\t\t\t<div class=\"elementor-widget-wrap\">\n\t\t\t\t\t\t<div class=\"elementor-element elementor-element-7255d17 elementor-widget elementor-widget-text-editor\" data-id=\"7255d17\" data-element_type=\"widget\" data-widget_type=\"text-editor.default\">\n\t\t\t\t<div class=\"elementor-widget-container\">\n\t\t\t\t\t\t\t\t<div class=\"elementor-text-editor elementor-clearfix\">\n\t\t\t\t\t<h3 style=\"text-align: center;\"><span style=\"color: #000000;\">\u00c1rea masculina<\/span><\/h3><p style=\"text-align: center;\"><span style=\"color: #000000;\">Los hombres ten\u00e9is vuestro espacio en nuestro sal\u00f3n.<\/span><\/p><p style=\"text-align: center;\"><span style=\"color: #000000;\">Corte, color, barba, depilaciones y por supuesto manicuras, pedicuras, masajes, tratamientos faciales y corporales con productos espec\u00edficos para una experiencia sensorial de relajaci\u00f3n y bienestar.<\/span><\/p>\t\t\t\t\t<\/div>\n\t\t\t\t\t\t<\/div>\n\t\t\t\t<\/div>\n\t\t\t\t\t\t<\/div>\n\t\t\t\t\t<\/div>\n\t\t<\/div>\n\t\t\t\t\t\t\t\t<\/div>\n\t\t\t\t\t<\/div>\n\t\t<\/section>\n\t\t\t\t<section class=\"elementor-section elementor-top-section elementor-element elementor-element-d2de09a elementor-section-boxed elementor-section-height-default elementor-section-height-default\" data-id=\"d2de09a\" data-element_type=\"section\">\n\t\t\t\t\t\t<div class=\"elementor-container elementor-column-gap-default\">\n\t\t\t\t\t\t\t<div class=\"elementor-row\">\n\t\t\t\t\t<div class=\"elementor-column elementor-col-100 elementor-top-column elementor-element elementor-element-26051b8\" data-id=\"26051b8\" data-element_type=\"column\">\n\t\t\t<div class=\"elementor-column-wrap elementor-element-populated\">\n\t\t\t\t\t\t\t<div class=\"elementor-widget-wrap\">\n\t\t\t\t\t\t<div class=\"elementor-element elementor-element-6eeebf3 elementor-widget elementor-widget-image\" data-id=\"6eeebf3\" data-element_type=\"widget\" data-widget_type=\"image.default\">\n\t\t\t\t<div class=\"elementor-widget-container\">\n\t\t\t\t\t\t\t\t<div class=\"elementor-image\">\n\t\t\t\t\t\t\t\t\t\t\t\t\t<a href=\"https:\/\/tiresiaspeluqueria.com\/wp-content\/uploads\/2021\/07\/orlando-bn.png\" data-elementor-open-lightbox=\"yes\" data-elementor-lightbox-title=\"orlando bn\">\n\t\t\t\t\t\t\t<img loading=\"lazy\" decoding=\"async\" width=\"580\" height=\"724\" src=\"https:\/\/tiresiaspeluqueria.com\/wp-content\/uploads\/2021\/07\/orlando-bn-768x959.png\" class=\"attachment-medium_large size-medium_large\" alt=\"\" srcset=\"https:\/\/tiresiaspeluqueria.com\/wp-content\/uploads\/2021\/07\/orlando-bn-768x959.png 768w, https:\/\/tiresiaspeluqueria.com\/wp-content\/uploads\/2021\/07\/orlando-bn-240x300.png 240w, https:\/\/tiresiaspeluqueria.com\/wp-content\/uploads\/2021\/07\/orlando-bn-820x1024.png 820w, https:\/\/tiresiaspeluqueria.com\/wp-content\/uploads\/2021\/07\/orlando-bn.png 1080w\" sizes=\"auto, (max-width: 580px) 100vw, 580px\" \/>\t\t\t\t\t\t\t\t<\/a>\n\t\t\t\t\t\t\t\t\t\t\t\t\t\t<\/div>\n\t\t\t\t\t\t<\/div>\n\t\t\t\t<\/div>\n\t\t\t\t\t\t<\/div>\n\t\t\t\t\t<\/div>\n\t\t<\/div>\n\t\t\t\t\t\t\t\t<\/div>\n\t\t\t\t\t<\/div>\n\t\t<\/section>\n\t\t\t\t\t\t<\/div>\n\t\t\t\t\t\t<\/div>\n\t\t\t\t\t<\/div>\n\t\t","protected":false},"excerpt":{"rendered":"<p>\u00c1rea masculina Los hombres ten\u00e9is vuestro espacio en nuestro sal\u00f3n. Corte, color, barba, depilaciones y por supuesto manicuras, pedicuras, masajes, tratamientos faciales y corporales con productos espec\u00edficos para una experiencia sensorial de relajaci\u00f3n y bienestar.<\/p>\n","protected":false},"author":2,"featured_media":0,"parent":0,"menu_order":0,"comment_status":"closed","ping_status":"closed","template":"elementor_header_footer","meta":{"footnotes":""},"class_list":["post-411","page","type-page","status-publish","hentry"],"_links":{"self":[{"href":"https:\/\/tiresiaspeluqueria.com\/index.php\/wp-json\/wp\/v2\/pages\/411","targetHints":{"allow":["GET"]}}],"collection":[{"href":"https:\/\/tiresiaspeluqueria.com\/index.php\/wp-json\/wp\/v2\/pages"}],"about":[{"href":"https:\/\/tiresiaspeluqueria.com\/index.php\/wp-json\/wp\/v2\/types\/page"}],"author":[{"embeddable":true,"href":"https:\/\/tiresiaspeluqueria.com\/index.php\/wp-json\/wp\/v2\/users\/2"}],"replies":[{"embeddable":true,"href":"https:\/\/tiresiaspeluqueria.com\/index.php\/wp-json\/wp\/v2\/comments?post=411"}],"version-history":[{"count":37,"href":"https:\/\/tiresiaspeluqueria.com\/index.php\/wp-json\/wp\/v2\/pages\/411\/revisions"}],"predecessor-version":[{"id":873,"href":"https:\/\/tiresiaspeluqueria.com\/index.php\/wp-json\/wp\/v2\/pages\/411\/revisions\/873"}],"wp:attachment":[{"href":"https:\/\/tiresiaspeluqueria.com\/index.php\/wp-json\/wp\/v2\/media?parent=411"}],"curies":[{"name":"wp","href":"https:\/\/api.w.org\/{rel}","templated":true}]}}