{"id":392,"date":"2021-07-07T19:21:13","date_gmt":"2021-07-07T17:21:13","guid":{"rendered":"https:\/\/tiresiaspeluqueria.com\/?page_id=392"},"modified":"2026-04-10T19:08:04","modified_gmt":"2026-04-10T17:08:04","slug":"contacto-2","status":"publish","type":"page","link":"https:\/\/tiresiaspeluqueria.com\/index.php\/contacto-2\/","title":{"rendered":"Contacto"},"content":{"rendered":"\t\t<div data-elementor-type=\"wp-page\" data-elementor-id=\"392\" class=\"elementor elementor-392\" data-elementor-settings=\"[]\">\n\t\t\t\t\t\t<div class=\"elementor-inner\">\n\t\t\t\t\t\t\t<div class=\"elementor-section-wrap\">\n\t\t\t\t\t\t\t<section class=\"elementor-section elementor-top-section elementor-element elementor-element-7858265 elementor-section-boxed elementor-section-height-default elementor-section-height-default\" data-id=\"7858265\" data-element_type=\"section\">\n\t\t\t\t\t\t<div class=\"elementor-container elementor-column-gap-default\">\n\t\t\t\t\t\t\t<div class=\"elementor-row\">\n\t\t\t\t\t<div class=\"elementor-column elementor-col-100 elementor-top-column elementor-element elementor-element-e329fbd\" data-id=\"e329fbd\" data-element_type=\"column\">\n\t\t\t<div class=\"elementor-column-wrap elementor-element-populated\">\n\t\t\t\t\t\t\t<div class=\"elementor-widget-wrap\">\n\t\t\t\t\t\t<div class=\"elementor-element elementor-element-2a2fd16 elementor-widget elementor-widget-text-editor\" data-id=\"2a2fd16\" data-element_type=\"widget\" data-widget_type=\"text-editor.default\">\n\t\t\t\t<div class=\"elementor-widget-container\">\n\t\t\t\t\t\t\t\t<div class=\"elementor-text-editor elementor-clearfix\">\n\t\t\t\t\t<p style=\"text-align: center;\"><span style=\"color: #000000;\"><strong>Ponte en contacto con nosotros, concertaremos una cita. <\/strong><\/span><\/p><p style=\"text-align: center;\"><span style=\"color: #000000;\"><strong>Te ofrecemos diagn\u00f3stico, asesoramiento y presupuesto sin compromiso.<\/strong><\/span><\/p><p style=\"text-align: center;\"><span style=\"color: #000000;\" data-wp-editing=\"1\"><em>Tel\u00e9fono:<\/em> <a style=\"color: #000000;\" href=\"tel:+34986781023\">986781023<\/a><\/span><\/p><p style=\"text-align: center;\"><span style=\"color: #000000;\">Horario: <\/span><\/p><p style=\"text-align: center;\"><span style=\"color: #000000;\">Lunes: CERRADO<br \/>Martes: 10:00 &#8211; 18:00<br \/>Mi\u00e9rcoles: 10:00 &#8211; 20:30<br \/>Jueves: 10:00 &#8211; 20:30<br \/>Viernes: 10:00 &#8211; 20:30<br \/>S\u00e1bado: 9:00 &#8211; 17:00<br \/><\/span><\/p><p style=\"text-align: center;\"><span style=\"color: #000000;\"><a style=\"color: #000000;\" href=\"https:\/\/goo.gl\/maps\/qKCCujj9sd8AFzCG7\">Direcci\u00f3n: R\u00faa Principal n\u00ba 42, bajo. 36500 Lal\u00edn.\u00a0<\/a><\/span><\/p><p style=\"text-align: center;\"><span style=\"color: #000000;\">Correo electr\u00f3nico: <a style=\"color: #000000;\" href=\"mailto:contacto@tiresiaspeluqueria.com\">contacto@tiresiaspeluqueria.com<\/a><\/span><\/p><p style=\"text-align: center;\"><span style=\"color: #000000;\"><a style=\"color: #000000;\" href=\"https:\/\/www.facebook.com\/Tiresias-Peluquer%C3%ADa-150546665297601\">Facebook<\/a><\/span><\/p>\t\t\t\t\t<\/div>\n\t\t\t\t\t\t<\/div>\n\t\t\t\t<\/div>\n\t\t\t\t\t\t<\/div>\n\t\t\t\t\t<\/div>\n\t\t<\/div>\n\t\t\t\t\t\t\t\t<\/div>\n\t\t\t\t\t<\/div>\n\t\t<\/section>\n\t\t\t\t\t\t<\/div>\n\t\t\t\t\t\t<\/div>\n\t\t\t\t\t<\/div>\n\t\t","protected":false},"excerpt":{"rendered":"<p>Ponte en contacto con nosotros, concertaremos una cita. Te ofrecemos diagn\u00f3stico, asesoramiento y presupuesto sin compromiso. Tel\u00e9fono: 986781023 Horario: Lunes: CERRADOMartes: 10:00 &#8211; 18:00Mi\u00e9rcoles: 10:00 &#8211; 20:30Jueves: 10:00 &#8211; 20:30Viernes: 10:00 &#8211; 20:30S\u00e1bado: 9:00 &#8211; 17:00 Direcci\u00f3n: R\u00faa Principal n\u00ba 42, bajo. 36500 Lal\u00edn.\u00a0 Correo electr\u00f3nico: contacto@tiresiaspeluqueria.com Facebook<\/p>\n","protected":false},"author":2,"featured_media":0,"parent":0,"menu_order":0,"comment_status":"closed","ping_status":"closed","template":"elementor_header_footer","meta":{"footnotes":""},"class_list":["post-392","page","type-page","status-publish","hentry"],"_links":{"self":[{"href":"https:\/\/tiresiaspeluqueria.com\/index.php\/wp-json\/wp\/v2\/pages\/392","targetHints":{"allow":["GET"]}}],"collection":[{"href":"https:\/\/tiresiaspeluqueria.com\/index.php\/wp-json\/wp\/v2\/pages"}],"about":[{"href":"https:\/\/tiresiaspeluqueria.com\/index.php\/wp-json\/wp\/v2\/types\/page"}],"author":[{"embeddable":true,"href":"https:\/\/tiresiaspeluqueria.com\/index.php\/wp-json\/wp\/v2\/users\/2"}],"replies":[{"embeddable":true,"href":"https:\/\/tiresiaspeluqueria.com\/index.php\/wp-json\/wp\/v2\/comments?post=392"}],"version-history":[{"count":46,"href":"https:\/\/tiresiaspeluqueria.com\/index.php\/wp-json\/wp\/v2\/pages\/392\/revisions"}],"predecessor-version":[{"id":940,"href":"https:\/\/tiresiaspeluqueria.com\/index.php\/wp-json\/wp\/v2\/pages\/392\/revisions\/940"}],"wp:attachment":[{"href":"https:\/\/tiresiaspeluqueria.com\/index.php\/wp-json\/wp\/v2\/media?parent=392"}],"curies":[{"name":"wp","href":"https:\/\/api.w.org\/{rel}","templated":true}]}}