{"id":387,"date":"2021-07-07T19:19:07","date_gmt":"2021-07-07T17:19:07","guid":{"rendered":"https:\/\/tiresiaspeluqueria.com\/?page_id=387"},"modified":"2021-11-06T19:59:39","modified_gmt":"2021-11-06T17:59:39","slug":"peluqueria","status":"publish","type":"page","link":"https:\/\/tiresiaspeluqueria.com\/index.php\/peluqueria\/","title":{"rendered":"Peluquer\u00eda"},"content":{"rendered":"\t\t<div data-elementor-type=\"wp-page\" data-elementor-id=\"387\" class=\"elementor elementor-387\" data-elementor-settings=\"[]\">\n\t\t\t\t\t\t<div class=\"elementor-inner\">\n\t\t\t\t\t\t\t<div class=\"elementor-section-wrap\">\n\t\t\t\t\t\t\t<section class=\"elementor-section elementor-top-section elementor-element elementor-element-08353c5 elementor-section-boxed elementor-section-height-default elementor-section-height-default\" data-id=\"08353c5\" data-element_type=\"section\">\n\t\t\t\t\t\t<div class=\"elementor-container elementor-column-gap-default\">\n\t\t\t\t\t\t\t<div class=\"elementor-row\">\n\t\t\t\t\t<div class=\"elementor-column elementor-col-100 elementor-top-column elementor-element elementor-element-8400025\" data-id=\"8400025\" data-element_type=\"column\">\n\t\t\t<div class=\"elementor-column-wrap elementor-element-populated\">\n\t\t\t\t\t\t\t<div class=\"elementor-widget-wrap\">\n\t\t\t\t\t\t<div class=\"elementor-element elementor-element-9c2f942 elementor-widget elementor-widget-text-editor\" data-id=\"9c2f942\" data-element_type=\"widget\" data-widget_type=\"text-editor.default\">\n\t\t\t\t<div class=\"elementor-widget-container\">\n\t\t\t\t\t\t\t\t<div class=\"elementor-text-editor elementor-clearfix\">\n\t\t\t\t\t<h2 style=\"text-align: center;\"><span style=\"color: #000000;\">\u00a0 \u00a0Peluquer\u00eda<\/span><\/h2><p style=\"text-align: center;\"><span style=\"color: #000000;\">Queremos conocerte y poder asesorarte, respetando tu personalidad.<\/span><\/p><p style=\"text-align: center;\"><span style=\"color: #000000;\"> Te invitamos al diagn\u00f3stico del estado de tu cuero cabelludo y cabello, as\u00ed como de tus rasgos y gustos para dise\u00f1ar la imagen que desees proyectar.<\/span><\/p>\t\t\t\t\t<\/div>\n\t\t\t\t\t\t<\/div>\n\t\t\t\t<\/div>\n\t\t\t\t\t\t<\/div>\n\t\t\t\t\t<\/div>\n\t\t<\/div>\n\t\t\t\t\t\t\t\t<\/div>\n\t\t\t\t\t<\/div>\n\t\t<\/section>\n\t\t\t\t<section class=\"elementor-section elementor-top-section elementor-element elementor-element-4cee93d elementor-section-boxed elementor-section-height-default elementor-section-height-default\" data-id=\"4cee93d\" data-element_type=\"section\">\n\t\t\t\t\t\t<div class=\"elementor-container elementor-column-gap-default\">\n\t\t\t\t\t\t\t<div class=\"elementor-row\">\n\t\t\t\t\t<div class=\"elementor-column elementor-col-100 elementor-top-column elementor-element elementor-element-c0883f9\" data-id=\"c0883f9\" data-element_type=\"column\">\n\t\t\t<div class=\"elementor-column-wrap elementor-element-populated\">\n\t\t\t\t\t\t\t<div class=\"elementor-widget-wrap\">\n\t\t\t\t\t\t<div class=\"elementor-element elementor-element-52ba6fb elementor-widget elementor-widget-text-editor\" data-id=\"52ba6fb\" data-element_type=\"widget\" data-widget_type=\"text-editor.default\">\n\t\t\t\t<div class=\"elementor-widget-container\">\n\t\t\t\t\t\t\t\t<div class=\"elementor-text-editor elementor-clearfix\">\n\t\t\t\t\t<p style=\"text-align: center;\"><span style=\"color: #000000;\">Con una amplia gama de servicios, con t\u00e9cnicas vanguardistas y productos innovadores, dise\u00f1aremos contigo tu nueva imagen.<\/span><\/p><p style=\"text-align: center;\"><span style=\"color: #000000;\"> Combinamos color y corte, modificamos estructura capilar y empleamos todo tipo de t\u00e9cnicas de peinado y recogidos, ondas, bucles, trenzas, cabello l\u00edquido&#8230; para crear la imagen adecuada para cada ocasi\u00f3n.<\/span><\/p>\t\t\t\t\t<\/div>\n\t\t\t\t\t\t<\/div>\n\t\t\t\t<\/div>\n\t\t\t\t\t\t<\/div>\n\t\t\t\t\t<\/div>\n\t\t<\/div>\n\t\t\t\t\t\t\t\t<\/div>\n\t\t\t\t\t<\/div>\n\t\t<\/section>\n\t\t\t\t\t\t<\/div>\n\t\t\t\t\t\t<\/div>\n\t\t\t\t\t<\/div>\n\t\t","protected":false},"excerpt":{"rendered":"<p>\u00a0 \u00a0Peluquer\u00eda Queremos conocerte y poder asesorarte, respetando tu personalidad. Te invitamos al diagn\u00f3stico del estado de tu cuero cabelludo y cabello, as\u00ed como de tus rasgos y gustos para dise\u00f1ar la imagen que desees proyectar. Con una amplia gama de servicios, con t\u00e9cnicas vanguardistas y productos innovadores, dise\u00f1aremos contigo tu nueva imagen. Combinamos color [&hellip;]<\/p>\n","protected":false},"author":2,"featured_media":0,"parent":0,"menu_order":0,"comment_status":"closed","ping_status":"closed","template":"elementor_header_footer","meta":{"footnotes":""},"class_list":["post-387","page","type-page","status-publish","hentry"],"_links":{"self":[{"href":"https:\/\/tiresiaspeluqueria.com\/index.php\/wp-json\/wp\/v2\/pages\/387","targetHints":{"allow":["GET"]}}],"collection":[{"href":"https:\/\/tiresiaspeluqueria.com\/index.php\/wp-json\/wp\/v2\/pages"}],"about":[{"href":"https:\/\/tiresiaspeluqueria.com\/index.php\/wp-json\/wp\/v2\/types\/page"}],"author":[{"embeddable":true,"href":"https:\/\/tiresiaspeluqueria.com\/index.php\/wp-json\/wp\/v2\/users\/2"}],"replies":[{"embeddable":true,"href":"https:\/\/tiresiaspeluqueria.com\/index.php\/wp-json\/wp\/v2\/comments?post=387"}],"version-history":[{"count":76,"href":"https:\/\/tiresiaspeluqueria.com\/index.php\/wp-json\/wp\/v2\/pages\/387\/revisions"}],"predecessor-version":[{"id":861,"href":"https:\/\/tiresiaspeluqueria.com\/index.php\/wp-json\/wp\/v2\/pages\/387\/revisions\/861"}],"wp:attachment":[{"href":"https:\/\/tiresiaspeluqueria.com\/index.php\/wp-json\/wp\/v2\/media?parent=387"}],"curies":[{"name":"wp","href":"https:\/\/api.w.org\/{rel}","templated":true}]}}