{"id":382,"date":"2021-07-07T19:15:23","date_gmt":"2021-07-07T17:15:23","guid":{"rendered":"https:\/\/tiresiaspeluqueria.com\/?page_id=382"},"modified":"2021-11-06T20:20:32","modified_gmt":"2021-11-06T18:20:32","slug":"quienes-somos","status":"publish","type":"page","link":"https:\/\/tiresiaspeluqueria.com\/index.php\/quienes-somos\/","title":{"rendered":"Quienes somos"},"content":{"rendered":"\t\t<div data-elementor-type=\"wp-page\" data-elementor-id=\"382\" class=\"elementor elementor-382\" data-elementor-settings=\"[]\">\n\t\t\t\t\t\t<div class=\"elementor-inner\">\n\t\t\t\t\t\t\t<div class=\"elementor-section-wrap\">\n\t\t\t\t\t\t\t<section class=\"elementor-section elementor-top-section elementor-element elementor-element-20f6567 elementor-section-full_width elementor-section-height-default elementor-section-height-default\" data-id=\"20f6567\" data-element_type=\"section\">\n\t\t\t\t\t\t<div class=\"elementor-container elementor-column-gap-default\">\n\t\t\t\t\t\t\t<div class=\"elementor-row\">\n\t\t\t\t\t<div class=\"elementor-column elementor-col-100 elementor-top-column elementor-element elementor-element-d5475b1\" data-id=\"d5475b1\" data-element_type=\"column\">\n\t\t\t<div class=\"elementor-column-wrap elementor-element-populated\">\n\t\t\t\t\t\t\t<div class=\"elementor-widget-wrap\">\n\t\t\t\t\t\t<div class=\"elementor-element elementor-element-ab282cb elementor-widget elementor-widget-text-editor\" data-id=\"ab282cb\" data-element_type=\"widget\" data-widget_type=\"text-editor.default\">\n\t\t\t\t<div class=\"elementor-widget-container\">\n\t\t\t\t\t\t\t\t<div class=\"elementor-text-editor elementor-clearfix\">\n\t\t\t\t\t<h3 style=\"text-align: center;\"><span style=\"color: #000000;\">Quienes somos, nuestras prioridades y valores.<\/span><\/h3><p style=\"text-align: center;\"><span style=\"color: #000000;\">Tiresias Peluquer\u00eda naci\u00f3 en 2003 como gabinete de imagen. <\/span><\/p><p style=\"text-align: center;\"><span style=\"color: #000000;\">Un sue\u00f1o con el objetivo enfocado en la fusi\u00f3n del cuidado, la salud y el bienestar, con la imagen, a trav\u00e9s de un trato cercano y personalizado.<\/span><\/p><p style=\"text-align: center;\"><span style=\"color: #000000;\">Combinamos la pasi\u00f3n por nuestra profesi\u00f3n, la alta calidad de nuestra selecci\u00f3n de productos y la garant\u00eda profesional de nuestro equipo humano, en continua formaci\u00f3n.\u00a0<\/span><\/p><p style=\"text-align: center;\"><span style=\"color: #000000;\"> Ofrecemos las m\u00e1s innovadoras t\u00e9cnicas sumadas al estudio de los productos como herramientas indispensables para lograr un look perfecto.<\/span><\/p><h3 class=\"western\" style=\"text-align: center;\"><span style=\"color: #000000;\">\u00bf Porqu\u00e9 Tiresias ?<\/span><\/h3><p style=\"text-align: center;\" align=\"CENTER\"><span style=\"color: #000000;\">Tiresias es un nombre elegido por su simbolog\u00eda: representa el poder de transformar con la magia de nuestra profesi\u00f3n.<\/span><\/p><p style=\"text-align: center;\" align=\"CENTER\"><span style=\"color: #000000;\">El mito griego que siendo hombre, es castigado por los dioses y experimenta la <em>transformaci\u00f3n <\/em>en mujer, adquiriendo as\u00ed el conocimiento de vivir ambas experiencias.<\/span><\/p><p style=\"text-align: center;\"><span style=\"color: #000000;\">Cuando le devuelven su condici\u00f3n de hombre, es condenado con la ceguera, por contrariar y revelar sus secretos, pero le conceden a cambio el poder de la\u00a0adivinaci\u00f3n\u00a0y la\u00a0magia.<\/span><\/p><p style=\"text-align: center;\"><span style=\"color: #000000;\">Vive durante siete generaciones ejerciendo de mediador entre mujeres y hombres, vivos y muertos, humanos y dioses.<\/span><\/p>\t\t\t\t\t<\/div>\n\t\t\t\t\t\t<\/div>\n\t\t\t\t<\/div>\n\t\t\t\t\t\t<\/div>\n\t\t\t\t\t<\/div>\n\t\t<\/div>\n\t\t\t\t\t\t\t\t<\/div>\n\t\t\t\t\t<\/div>\n\t\t<\/section>\n\t\t\t\t<section class=\"elementor-section elementor-top-section elementor-element elementor-element-e478898 elementor-section-boxed elementor-section-height-default elementor-section-height-default\" data-id=\"e478898\" data-element_type=\"section\">\n\t\t\t\t\t\t<div class=\"elementor-container elementor-column-gap-no\">\n\t\t\t\t\t\t\t<div class=\"elementor-row\">\n\t\t\t\t\t<div class=\"elementor-column elementor-col-100 elementor-top-column elementor-element elementor-element-3abfa1c\" data-id=\"3abfa1c\" data-element_type=\"column\">\n\t\t\t<div class=\"elementor-column-wrap elementor-element-populated\">\n\t\t\t\t\t\t\t<div class=\"elementor-widget-wrap\">\n\t\t\t\t\t\t<div class=\"elementor-element elementor-element-ec24046 elementor-widget elementor-widget-image\" data-id=\"ec24046\" data-element_type=\"widget\" data-widget_type=\"image.default\">\n\t\t\t\t<div class=\"elementor-widget-container\">\n\t\t\t\t\t\t\t\t<div class=\"elementor-image\">\n\t\t\t\t\t\t\t\t\t\t\t\t\t<a href=\"https:\/\/iconencasa.com\/?ref=2249\" target=\"_blank\">\n\t\t\t\t\t\t\t<img loading=\"lazy\" decoding=\"async\" width=\"400\" height=\"222\" src=\"https:\/\/tiresiaspeluqueria.com\/wp-content\/uploads\/2021\/06\/COMPROMISO-125X70-e1625238274710.png\" class=\"elementor-animation-grow attachment-full size-full\" alt=\"\" \/>\t\t\t\t\t\t\t\t<\/a>\n\t\t\t\t\t\t\t\t\t\t\t\t\t\t<\/div>\n\t\t\t\t\t\t<\/div>\n\t\t\t\t<\/div>\n\t\t\t\t\t\t<\/div>\n\t\t\t\t\t<\/div>\n\t\t<\/div>\n\t\t\t\t\t\t\t\t<\/div>\n\t\t\t\t\t<\/div>\n\t\t<\/section>\n\t\t\t\t\t\t<\/div>\n\t\t\t\t\t\t<\/div>\n\t\t\t\t\t<\/div>\n\t\t","protected":false},"excerpt":{"rendered":"<p>Quienes somos, nuestras prioridades y valores. Tiresias Peluquer\u00eda naci\u00f3 en 2003 como gabinete de imagen. Un sue\u00f1o con el objetivo enfocado en la fusi\u00f3n del cuidado, la salud y el bienestar, con la imagen, a trav\u00e9s de un trato cercano y personalizado. Combinamos la pasi\u00f3n por nuestra profesi\u00f3n, la alta calidad de nuestra selecci\u00f3n de [&hellip;]<\/p>\n","protected":false},"author":2,"featured_media":0,"parent":0,"menu_order":0,"comment_status":"closed","ping_status":"closed","template":"elementor_header_footer","meta":{"footnotes":""},"class_list":["post-382","page","type-page","status-publish","hentry"],"_links":{"self":[{"href":"https:\/\/tiresiaspeluqueria.com\/index.php\/wp-json\/wp\/v2\/pages\/382","targetHints":{"allow":["GET"]}}],"collection":[{"href":"https:\/\/tiresiaspeluqueria.com\/index.php\/wp-json\/wp\/v2\/pages"}],"about":[{"href":"https:\/\/tiresiaspeluqueria.com\/index.php\/wp-json\/wp\/v2\/types\/page"}],"author":[{"embeddable":true,"href":"https:\/\/tiresiaspeluqueria.com\/index.php\/wp-json\/wp\/v2\/users\/2"}],"replies":[{"embeddable":true,"href":"https:\/\/tiresiaspeluqueria.com\/index.php\/wp-json\/wp\/v2\/comments?post=382"}],"version-history":[{"count":56,"href":"https:\/\/tiresiaspeluqueria.com\/index.php\/wp-json\/wp\/v2\/pages\/382\/revisions"}],"predecessor-version":[{"id":900,"href":"https:\/\/tiresiaspeluqueria.com\/index.php\/wp-json\/wp\/v2\/pages\/382\/revisions\/900"}],"wp:attachment":[{"href":"https:\/\/tiresiaspeluqueria.com\/index.php\/wp-json\/wp\/v2\/media?parent=382"}],"curies":[{"name":"wp","href":"https:\/\/api.w.org\/{rel}","templated":true}]}}